{"id":5985,"date":"2021-08-03T06:25:33","date_gmt":"2021-08-03T06:25:33","guid":{"rendered":"https:\/\/oln-new.olnwp.wpengine.com\/globalaw\/"},"modified":"2023-03-01T06:17:34","modified_gmt":"2023-03-01T06:17:34","slug":"globalaw","status":"publish","type":"page","link":"https:\/\/oln-law.com\/fr\/globalaw\/","title":{"rendered":"Globalaw"},"content":{"rendered":"\n<h2 class=\"has-text-align-center wp-block-heading\"><strong><strong>Fournir \u00e0 nos clients des solutions imm\u00e9diates dans le monde entier<\/strong><\/strong><\/h2>\n\n\n\n<p>Nous sommes fiers d&#8217;\u00eatre le membre exclusif pour Hong Kong de &#8220;Globalaw&#8221;, un r\u00e9seau international de cabinets d&#8217;avocats d&#8217;affaires de premier plan. Cela nous permet de b\u00e9n\u00e9ficier d\u2019une plate-forme internationale indispensable pour r\u00e9pondre \u00e0 tous les besoins de nos clients en mati\u00e8re d&#8217;op\u00e9rations transfrontali\u00e8res.<\/p>\n\n\n\n<p>R\u00e9unissant plus de 80 cabinets d&#8217;avocats ind\u00e9pendants et environ 4 500 avocats exer\u00e7ant dans plus de 165 villes \u00e0 travers le globe, &#8220;Globalaw&#8221; est d\u00e9sormais le r\u00e9seau incontournable pour les entreprises qui cherchent \u00e0 se d\u00e9velopper et \u00e0 \u00e9voluer dans un environnement mondialis\u00e9.<\/p>\n\n\n\n<p>En entretenant des relations tr\u00e8s \u00e9troites avec ses partenaires dans les diff\u00e9rents pays, OLN s&#8217;assure de pouvoir fournir \u00e0 ses clients des conseils rapides et fiables sur la plupart des questions juridiques internationales, y compris les lois et r\u00e9glementations locales qui pourraient affecter leurs transactions commerciales nationales et internationales.<\/p>\n\n\n\n<p><a href=\"https:\/\/globalaw.net\/?page=SuccessStories\" target=\"_blank\" rel=\"noreferrer noopener\">Pour obtenir davantage d\u2019informations sur le r\u00e9seau &#8220;Globalaw&#8221;, veuillez consulter le site internet \u00e0 l&#8217;adresse suivante : <\/a><a href=\"http:\/\/www.globalaw.net\/\">http:\/\/www.globalaw.net\/<\/a><\/p>\n\n\n<div class=\"wp-block-image\">\n<figure class=\"aligncenter size-full\"><img loading=\"lazy\" decoding=\"async\" width=\"400\" height=\"97\" src=\"https:\/\/oln-law.com\/wp-content\/uploads\/sites\/25\/2021\/09\/globalaw-1-e1633166489367.jpg\" alt=\"\" class=\"wp-image-3222\" srcset=\"https:\/\/oln-law.com\/wp-content\/uploads\/sites\/25\/2021\/09\/globalaw-1-e1633166489367.jpg 400w, https:\/\/oln-law.com\/wp-content\/uploads\/sites\/25\/2021\/09\/globalaw-1-e1633166489367-300x73.jpg 300w\" sizes=\"auto, (max-width: 400px) 100vw, 400px\" \/><\/figure>\n<\/div>","protected":false},"excerpt":{"rendered":"<p>Fournir \u00e0 nos clients des solutions imm\u00e9diates dans le monde entier Nous sommes fiers d&#8217;\u00eatre le membre exclusif pour Hong Kong de &#8220;Globalaw&#8221;, un r\u00e9seau international de cabinets d&#8217;avocats d&#8217;affaires de premier plan. Cela nous permet de b\u00e9n\u00e9ficier d\u2019une plate-forme internationale indispensable pour r\u00e9pondre \u00e0 tous les besoins de nos clients en mati\u00e8re d&#8217;op\u00e9rations transfrontali\u00e8res. &#8230;<\/p>\n","protected":false},"author":20,"featured_media":5987,"parent":0,"menu_order":0,"comment_status":"closed","ping_status":"closed","template":"","meta":{"_acf_changed":false,"inline_featured_image":false,"_genesis_hide_title":false,"_genesis_hide_breadcrumbs":false,"_genesis_hide_singular_image":true,"_genesis_hide_footer_widgets":false,"_genesis_custom_body_class":"","_genesis_custom_post_class":"","_genesis_layout":"full-width-content","footnotes":""},"other_category":[166],"class_list":{"0":"post-5985","1":"page","2":"type-page","3":"status-publish","4":"has-post-thumbnail","6":"other_category-le-cabinet","7":"entry"},"acf":[],"yoast_head":"<!-- This site is optimized with the Yoast SEO plugin v26.7 - https:\/\/yoast.com\/wordpress\/plugins\/seo\/ -->\n<title>Globalaw | OLN<\/title>\n<meta name=\"robots\" content=\"index, follow, max-snippet:-1, max-image-preview:large, max-video-preview:-1\" \/>\n<link rel=\"canonical\" href=\"https:\/\/oln-law.com\/fr\/globalaw\/\" \/>\n<meta property=\"og:locale\" content=\"fr_FR\" \/>\n<meta property=\"og:type\" content=\"article\" \/>\n<meta property=\"og:title\" content=\"Globalaw | OLN\" \/>\n<meta property=\"og:description\" content=\"Fournir \u00e0 nos clients des solutions imm\u00e9diates dans le monde entier Nous sommes fiers d&#8217;\u00eatre le membre exclusif pour Hong Kong de &#8220;Globalaw&#8221;, un r\u00e9seau international de cabinets d&#8217;avocats d&#8217;affaires de premier plan. Cela nous permet de b\u00e9n\u00e9ficier d\u2019une plate-forme internationale indispensable pour r\u00e9pondre \u00e0 tous les besoins de nos clients en mati\u00e8re d&#8217;op\u00e9rations transfrontali\u00e8res. ...\" \/>\n<meta property=\"og:url\" content=\"https:\/\/oln-law.com\/fr\/globalaw\/\" \/>\n<meta property=\"og:site_name\" content=\"OLN\" \/>\n<meta property=\"article:modified_time\" content=\"2023-03-01T06:17:34+00:00\" \/>\n<meta property=\"og:image\" content=\"https:\/\/oln-law.com\/wp-content\/uploads\/sites\/25\/2021\/08\/globallaw.jpg\" \/>\n\t<meta property=\"og:image:width\" content=\"1920\" \/>\n\t<meta property=\"og:image:height\" content=\"405\" \/>\n\t<meta property=\"og:image:type\" content=\"image\/jpeg\" \/>\n<meta name=\"twitter:card\" content=\"summary_large_image\" \/>\n<meta name=\"twitter:label1\" content=\"Dur\u00e9e de lecture estim\u00e9e\" \/>\n\t<meta name=\"twitter:data1\" content=\"1 minute\" \/>\n<script type=\"application\/ld+json\" class=\"yoast-schema-graph\">{\"@context\":\"https:\/\/schema.org\",\"@graph\":[{\"@type\":\"WebPage\",\"@id\":\"https:\/\/oln-law.com\/fr\/globalaw\/\",\"url\":\"https:\/\/oln-law.com\/fr\/globalaw\/\",\"name\":\"Globalaw | OLN\",\"isPartOf\":{\"@id\":\"https:\/\/oln-law.com\/fr\/#website\"},\"primaryImageOfPage\":{\"@id\":\"https:\/\/oln-law.com\/fr\/globalaw\/#primaryimage\"},\"image\":{\"@id\":\"https:\/\/oln-law.com\/fr\/globalaw\/#primaryimage\"},\"thumbnailUrl\":\"https:\/\/oln-law.com\/wp-content\/uploads\/sites\/25\/2021\/08\/globallaw.jpg\",\"datePublished\":\"2021-08-03T06:25:33+00:00\",\"dateModified\":\"2023-03-01T06:17:34+00:00\",\"breadcrumb\":{\"@id\":\"https:\/\/oln-law.com\/fr\/globalaw\/#breadcrumb\"},\"inLanguage\":\"fr-FR\",\"potentialAction\":[{\"@type\":\"ReadAction\",\"target\":[\"https:\/\/oln-law.com\/fr\/globalaw\/\"]}]},{\"@type\":\"ImageObject\",\"inLanguage\":\"fr-FR\",\"@id\":\"https:\/\/oln-law.com\/fr\/globalaw\/#primaryimage\",\"url\":\"https:\/\/oln-law.com\/wp-content\/uploads\/sites\/25\/2021\/08\/globallaw.jpg\",\"contentUrl\":\"https:\/\/oln-law.com\/wp-content\/uploads\/sites\/25\/2021\/08\/globallaw.jpg\",\"width\":1920,\"height\":405},{\"@type\":\"BreadcrumbList\",\"@id\":\"https:\/\/oln-law.com\/fr\/globalaw\/#breadcrumb\",\"itemListElement\":[{\"@type\":\"ListItem\",\"position\":1,\"name\":\"\",\"item\":\"https:\/\/oln-law.com\/fr\/\"},{\"@type\":\"ListItem\",\"position\":2,\"name\":\"Le cabinet\",\"item\":\"https:\/\/oln-law.com\/fr\/other_category\/le-cabinet\/\"},{\"@type\":\"ListItem\",\"position\":3,\"name\":\"Globalaw\"}]},{\"@type\":\"WebSite\",\"@id\":\"https:\/\/oln-law.com\/fr\/#website\",\"url\":\"https:\/\/oln-law.com\/fr\/\",\"name\":\"OLN\",\"description\":\"\",\"publisher\":{\"@id\":\"https:\/\/oln-law.com\/fr\/#organization\"},\"potentialAction\":[{\"@type\":\"SearchAction\",\"target\":{\"@type\":\"EntryPoint\",\"urlTemplate\":\"https:\/\/oln-law.com\/fr\/?s={search_term_string}\"},\"query-input\":{\"@type\":\"PropertyValueSpecification\",\"valueRequired\":true,\"valueName\":\"search_term_string\"}}],\"inLanguage\":\"fr-FR\"},{\"@type\":\"Organization\",\"@id\":\"https:\/\/oln-law.com\/fr\/#organization\",\"name\":\"OLN\",\"url\":\"https:\/\/oln-law.com\/fr\/\",\"logo\":{\"@type\":\"ImageObject\",\"inLanguage\":\"fr-FR\",\"@id\":\"https:\/\/oln-law.com\/fr\/#\/schema\/logo\/image\/\",\"url\":\"https:\/\/oln-law.com\/wp-content\/uploads\/sites\/25\/2023\/12\/OLN-Blue.svg\",\"contentUrl\":\"https:\/\/oln-law.com\/wp-content\/uploads\/sites\/25\/2023\/12\/OLN-Blue.svg\",\"width\":2562,\"height\":925,\"caption\":\"OLN\"},\"image\":{\"@id\":\"https:\/\/oln-law.com\/fr\/#\/schema\/logo\/image\/\"}}]}<\/script>\n<!-- \/ Yoast SEO plugin. -->","yoast_head_json":{"title":"Globalaw | OLN","robots":{"index":"index","follow":"follow","max-snippet":"max-snippet:-1","max-image-preview":"max-image-preview:large","max-video-preview":"max-video-preview:-1"},"canonical":"https:\/\/oln-law.com\/fr\/globalaw\/","og_locale":"fr_FR","og_type":"article","og_title":"Globalaw | OLN","og_description":"Fournir \u00e0 nos clients des solutions imm\u00e9diates dans le monde entier Nous sommes fiers d&#8217;\u00eatre le membre exclusif pour Hong Kong de &#8220;Globalaw&#8221;, un r\u00e9seau international de cabinets d&#8217;avocats d&#8217;affaires de premier plan. Cela nous permet de b\u00e9n\u00e9ficier d\u2019une plate-forme internationale indispensable pour r\u00e9pondre \u00e0 tous les besoins de nos clients en mati\u00e8re d&#8217;op\u00e9rations transfrontali\u00e8res. ...","og_url":"https:\/\/oln-law.com\/fr\/globalaw\/","og_site_name":"OLN","article_modified_time":"2023-03-01T06:17:34+00:00","og_image":[{"width":1920,"height":405,"url":"https:\/\/oln-law.com\/wp-content\/uploads\/sites\/25\/2021\/08\/globallaw.jpg","type":"image\/jpeg"}],"twitter_card":"summary_large_image","twitter_misc":{"Dur\u00e9e de lecture estim\u00e9e":"1 minute"},"schema":{"@context":"https:\/\/schema.org","@graph":[{"@type":"WebPage","@id":"https:\/\/oln-law.com\/fr\/globalaw\/","url":"https:\/\/oln-law.com\/fr\/globalaw\/","name":"Globalaw | OLN","isPartOf":{"@id":"https:\/\/oln-law.com\/fr\/#website"},"primaryImageOfPage":{"@id":"https:\/\/oln-law.com\/fr\/globalaw\/#primaryimage"},"image":{"@id":"https:\/\/oln-law.com\/fr\/globalaw\/#primaryimage"},"thumbnailUrl":"https:\/\/oln-law.com\/wp-content\/uploads\/sites\/25\/2021\/08\/globallaw.jpg","datePublished":"2021-08-03T06:25:33+00:00","dateModified":"2023-03-01T06:17:34+00:00","breadcrumb":{"@id":"https:\/\/oln-law.com\/fr\/globalaw\/#breadcrumb"},"inLanguage":"fr-FR","potentialAction":[{"@type":"ReadAction","target":["https:\/\/oln-law.com\/fr\/globalaw\/"]}]},{"@type":"ImageObject","inLanguage":"fr-FR","@id":"https:\/\/oln-law.com\/fr\/globalaw\/#primaryimage","url":"https:\/\/oln-law.com\/wp-content\/uploads\/sites\/25\/2021\/08\/globallaw.jpg","contentUrl":"https:\/\/oln-law.com\/wp-content\/uploads\/sites\/25\/2021\/08\/globallaw.jpg","width":1920,"height":405},{"@type":"BreadcrumbList","@id":"https:\/\/oln-law.com\/fr\/globalaw\/#breadcrumb","itemListElement":[{"@type":"ListItem","position":1,"name":"","item":"https:\/\/oln-law.com\/fr\/"},{"@type":"ListItem","position":2,"name":"Le cabinet","item":"https:\/\/oln-law.com\/fr\/other_category\/le-cabinet\/"},{"@type":"ListItem","position":3,"name":"Globalaw"}]},{"@type":"WebSite","@id":"https:\/\/oln-law.com\/fr\/#website","url":"https:\/\/oln-law.com\/fr\/","name":"OLN","description":"","publisher":{"@id":"https:\/\/oln-law.com\/fr\/#organization"},"potentialAction":[{"@type":"SearchAction","target":{"@type":"EntryPoint","urlTemplate":"https:\/\/oln-law.com\/fr\/?s={search_term_string}"},"query-input":{"@type":"PropertyValueSpecification","valueRequired":true,"valueName":"search_term_string"}}],"inLanguage":"fr-FR"},{"@type":"Organization","@id":"https:\/\/oln-law.com\/fr\/#organization","name":"OLN","url":"https:\/\/oln-law.com\/fr\/","logo":{"@type":"ImageObject","inLanguage":"fr-FR","@id":"https:\/\/oln-law.com\/fr\/#\/schema\/logo\/image\/","url":"https:\/\/oln-law.com\/wp-content\/uploads\/sites\/25\/2023\/12\/OLN-Blue.svg","contentUrl":"https:\/\/oln-law.com\/wp-content\/uploads\/sites\/25\/2023\/12\/OLN-Blue.svg","width":2562,"height":925,"caption":"OLN"},"image":{"@id":"https:\/\/oln-law.com\/fr\/#\/schema\/logo\/image\/"}}]}},"featured_image_src":"https:\/\/oln-law.com\/wp-content\/uploads\/sites\/25\/2021\/08\/globallaw-600x400.jpg","featured_image_src_square":"https:\/\/oln-law.com\/wp-content\/uploads\/sites\/25\/2021\/08\/globallaw-600x405.jpg","_links":{"self":[{"href":"https:\/\/oln-law.com\/fr\/wp-json\/wp\/v2\/pages\/5985","targetHints":{"allow":["GET"]}}],"collection":[{"href":"https:\/\/oln-law.com\/fr\/wp-json\/wp\/v2\/pages"}],"about":[{"href":"https:\/\/oln-law.com\/fr\/wp-json\/wp\/v2\/types\/page"}],"author":[{"embeddable":true,"href":"https:\/\/oln-law.com\/fr\/wp-json\/wp\/v2\/users\/20"}],"replies":[{"embeddable":true,"href":"https:\/\/oln-law.com\/fr\/wp-json\/wp\/v2\/comments?post=5985"}],"version-history":[{"count":0,"href":"https:\/\/oln-law.com\/fr\/wp-json\/wp\/v2\/pages\/5985\/revisions"}],"wp:featuredmedia":[{"embeddable":true,"href":"https:\/\/oln-law.com\/fr\/wp-json\/wp\/v2\/media\/5987"}],"wp:attachment":[{"href":"https:\/\/oln-law.com\/fr\/wp-json\/wp\/v2\/media?parent=5985"}],"wp:term":[{"taxonomy":"other_category","embeddable":true,"href":"https:\/\/oln-law.com\/fr\/wp-json\/wp\/v2\/other_category?post=5985"}],"curies":[{"name":"wp","href":"https:\/\/api.w.org\/{rel}","templated":true}]}}