{"id":5540,"date":"2021-07-12T07:41:10","date_gmt":"2021-07-12T07:41:10","guid":{"rendered":"https:\/\/oln-new.olnwp.wpengine.com\/our-offices\/"},"modified":"2024-02-09T09:08:56","modified_gmt":"2024-02-09T09:08:56","slug":"our-offices","status":"publish","type":"page","link":"https:\/\/oln-law.com\/fr\/our-offices\/","title":{"rendered":"Our Offices"},"content":{"rendered":"\n<div class=\"wp-block-group section-wrapper pt-0 pb-0\"><div class=\"wp-block-group__inner-container is-layout-constrained wp-block-group-is-layout-constrained\">\n<div class=\"wp-block-columns is-layout-flex wp-container-core-columns-is-layout-9d6595d7 wp-block-columns-is-layout-flex\">\n<div class=\"wp-block-column is-layout-flow wp-block-column-is-layout-flow\" style=\"flex-basis:40%\">\n<h3 class=\"wp-block-heading oln--black\">Our Hong Kong and Shanghai Offices<\/h3>\n<\/div>\n\n\n\n<div class=\"wp-block-column is-layout-flow wp-block-column-is-layout-flow\"><\/div>\n\n\n\n<div class=\"wp-block-column is-layout-flow wp-block-column-is-layout-flow\" style=\"flex-basis:50%\">\n<p class=\"pr-60 oln--black pr-m-0 justify-text\">Hong Kong a un \u00c9tat de droit internationalement reconnu, des contr\u00f4les financiers et r\u00e9glementaires solides et est l\u2019une des \u00e9conomies les plus libres du monde. Elle est le pont culturel, \u00e9conomique et juridique pour les entit\u00e9s qui font des affaires avec ou en Chine continentale.<\/p>\n\n\n\n<p class=\"pr-60 oln--black pr-m-0 justify-text\">Avec des avocats exp\u00e9riment\u00e9s dans ses bureaux de Hong Kong et de Shanghai, l\u2019OLN est bien plac\u00e9e non seulement pour planifier, mais aussi pour ex\u00e9cuter et mettre en \u0153uvre les strat\u00e9gies commerciales de ses clients en Chine continentale.<\/p>\n<\/div>\n<\/div>\n<\/div><\/div>\n\n\n\n<div class=\"wp-block-group pb-80\"><div class=\"wp-block-group__inner-container is-layout-constrained wp-block-group-is-layout-constrained\">\n<div class=\"wp-block-buttons btn-gap-16 is-content-justification-center is-layout-flex wp-container-core-buttons-is-layout-16018d1d wp-block-buttons-is-layout-flex\">\n<div class=\"wp-block-button is-style-outline btn-theme-outline active is-style-outline--1\" id=\"btn-hk\"><a class=\"wp-block-button__link has-text-color wp-element-button\" href=\"#\" style=\"color:#00677f\">HONG KONG OFFICE<\/a><\/div>\n\n\n\n<div class=\"wp-block-button is-style-outline btn-theme-outline is-style-outline--2\" id=\"btn-sh\"><a class=\"wp-block-button__link has-text-color wp-element-button\" href=\"#\" style=\"color:#00677f\">SHANGHAI OFFICE<\/a><\/div>\n<\/div>\n\n\n\n<div id=\"contact-hong-kong\" class=\"wp-block-group section-wrapper__no-pad hide\"><div class=\"wp-block-group__inner-container is-layout-constrained wp-block-group-is-layout-constrained\">\n<div class=\"wp-block-columns contact-cols pt-70 mb-0 is-layout-flex wp-container-core-columns-is-layout-9d6595d7 wp-block-columns-is-layout-flex\">\n<div class=\"wp-block-column col-box is-layout-flow wp-block-column-is-layout-flow\">\n<figure class=\"wp-block-image size-full\"><img loading=\"lazy\" decoding=\"async\" width=\"428\" height=\"468\" src=\"https:\/\/oln-law.com\/wp-content\/uploads\/sites\/25\/2023\/09\/Building.jpg\" alt=\"Building\" class=\"wp-image-20173\" srcset=\"https:\/\/oln-law.com\/wp-content\/uploads\/sites\/25\/2023\/09\/Building.jpg 428w, https:\/\/oln-law.com\/wp-content\/uploads\/sites\/25\/2023\/09\/Building-274x300.jpg 274w\" sizes=\"auto, (max-width: 428px) 100vw, 428px\" \/><\/figure>\n<\/div>\n\n\n\n<div class=\"wp-block-column col-box col-box-theme-blue is-layout-flow wp-block-column-is-layout-flow\">\n<h3 class=\"wp-block-heading text--white\">Contact Details<\/h3>\n\n\n\n<div class=\"wp-block-group contact-lists\"><div class=\"wp-block-group__inner-container is-layout-constrained wp-block-group-is-layout-constrained\">\n<p class=\"body-standard\">Suite 503, St George&#8217;s Building<br>2 Ice House Street, Central Hong Kong<\/p>\n\n\n\n<p class=\"body-standard\">+852 2868 0696<\/p>\n\n\n\n<p class=\"body-standard has-text-color\" style=\"color:#fcfcfc\"><a href=\"https:\/\/oln-law.com\/contact\/\">Email us<\/a><\/p>\n\n\n\n<p class=\"body-standard\">Mon &#8211; Fri    9am to 7pm HKT<\/p>\n\n\n\n<p class=\"body-standard\">Sat &#8211; Sun    Closed<\/p>\n<\/div><\/div>\n\n\n\n<div class=\"wp-block-group socials-contacts\"><div class=\"wp-block-group__inner-container is-layout-constrained wp-block-group-is-layout-constrained\">\n<figure class=\"wp-block-image size-large\"><a href=\"https:\/\/www.linkedin.com\/company\/oldham-li-&amp;-nie\/\" target=\"_blank\" rel=\"noopener\"><img loading=\"lazy\" decoding=\"async\" width=\"18\" height=\"18\" src=\"https:\/\/oln-law.com\/wp-content\/uploads\/sites\/25\/2023\/09\/Linkedin.svg\" alt=\"Linkedin\" class=\"wp-image-20201\" \/><\/a><\/figure>\n\n\n\n<figure class=\"wp-block-image size-large is-resized\"><a href=\"https:\/\/twitter.com\/oldhamlinie\" target=\"_blank\" rel=\"noopener\"><img decoding=\"async\" src=\"https:\/\/oln-law.com\/wp-content\/uploads\/sites\/25\/2023\/11\/x-twitter-white.svg\" alt=\"Twitter\" class=\"wp-image-20206\" style=\"object-fit:cover;width:18px;height:18px\" \/><\/a><\/figure>\n\n\n\n<figure class=\"wp-block-image size-large\"><a href=\"https:\/\/www.facebook.com\/OldhamLiNie\/\" target=\"_blank\" rel=\"noopener\"><img loading=\"lazy\" decoding=\"async\" width=\"18\" height=\"18\" src=\"https:\/\/oln-law.com\/wp-content\/uploads\/sites\/25\/2023\/09\/Facebook.svg\" alt=\"Facebook\" class=\"wp-image-20211\" \/><\/a><\/figure>\n<\/div><\/div>\n<\/div>\n\n\n\n<div class=\"wp-block-column col-box is-layout-flow wp-block-column-is-layout-flow\">\n<iframe loading=\"lazy\" src=\"https:\/\/www.google.com\/maps\/embed?pb=!1m18!1m12!1m3!1d3836.850351476039!2d114.15688403186013!3d22.281438541991225!2m3!1f0!2f0!3f0!3m2!1i1024!2i768!4f13.1!3m3!1m2!1s0x340400647cd54c25%3A0xdce60a26b04369de!2sSt.%20George&#039;s%20Building!5e0!3m2!1sen!2snp!4v1695374192388!5m2!1sen!2snp\" width=\"600\" height=\"450\" style=\"border:0\" allowfullscreen=\"\"><\/iframe>\n<\/div>\n<\/div>\n<\/div><\/div>\n\n\n\n<div id=\"contact-shanghai\" class=\"wp-block-group section-wrapper__no-pad hide\"><div class=\"wp-block-group__inner-container is-layout-constrained wp-block-group-is-layout-constrained\">\n<div class=\"wp-block-columns contact-cols pt-70 mb-0 is-layout-flex wp-container-core-columns-is-layout-9d6595d7 wp-block-columns-is-layout-flex\">\n<div class=\"wp-block-column col-box is-layout-flow wp-block-column-is-layout-flow\">\n<figure class=\"wp-block-image size-full\"><img loading=\"lazy\" decoding=\"async\" width=\"428\" height=\"469\" src=\"https:\/\/oln-law.com\/wp-content\/uploads\/sites\/25\/2023\/09\/building-2.jpg\" alt=\"building-2\" class=\"wp-image-20220\" srcset=\"https:\/\/oln-law.com\/wp-content\/uploads\/sites\/25\/2023\/09\/building-2.jpg 428w, https:\/\/oln-law.com\/wp-content\/uploads\/sites\/25\/2023\/09\/building-2-274x300.jpg 274w\" sizes=\"auto, (max-width: 428px) 100vw, 428px\" \/><\/figure>\n<\/div>\n\n\n\n<div class=\"wp-block-column col-box col-box-theme-blue is-layout-flow wp-block-column-is-layout-flow\">\n<h3 class=\"wp-block-heading text--white\">Contact Details<\/h3>\n\n\n\n<div class=\"wp-block-group contact-lists\"><div class=\"wp-block-group__inner-container is-layout-constrained wp-block-group-is-layout-constrained\">\n<p class=\"body-standard\">Room 1114, 11th Floor Far East International Plaza, Tower B 317, Xian Xia Road, Changning District Shanghai, 200051<\/p>\n\n\n\n<p class=\"body-standard\">(86) 21 6278 0612<\/p>\n\n\n\n<p class=\"body-standard has-text-color\" style=\"color:#fcfcfc\"><a href=\"https:\/\/oln-law.com\/contact\/\">Email us<\/a><\/p>\n\n\n\n<p class=\"body-standard\">Mon &#8211; Fri    9am to 7pm HKT<\/p>\n\n\n\n<p class=\"body-standard\">Sat &#8211; Sun    Closed<\/p>\n<\/div><\/div>\n\n\n\n<div class=\"wp-block-group socials-contacts\"><div class=\"wp-block-group__inner-container is-layout-constrained wp-block-group-is-layout-constrained\">\n<figure class=\"wp-block-image size-large\"><a href=\"https:\/\/www.linkedin.com\/company\/oldham-li-&amp;-nie\/\" target=\"_blank\" rel=\"noopener\"><img loading=\"lazy\" decoding=\"async\" width=\"18\" height=\"18\" src=\"https:\/\/oln-law.com\/wp-content\/uploads\/sites\/25\/2023\/09\/Linkedin.svg\" alt=\"Linkedin\" class=\"wp-image-20201\" \/><\/a><\/figure>\n\n\n\n<figure class=\"wp-block-image size-large is-resized\"><a href=\"https:\/\/twitter.com\/oldhamlinie\" target=\"_blank\" rel=\"noopener\"><img decoding=\"async\" src=\"https:\/\/oln-law.com\/wp-content\/uploads\/sites\/25\/2023\/11\/x-twitter-white.svg\" alt=\"Twitter\" class=\"wp-image-20206\" style=\"object-fit:cover;width:18px;height:18px\" \/><\/a><\/figure>\n\n\n\n<figure class=\"wp-block-image size-large\"><a href=\"https:\/\/www.facebook.com\/OldhamLiNie\/\" target=\"_blank\" rel=\"noopener\"><img loading=\"lazy\" decoding=\"async\" width=\"18\" height=\"18\" src=\"https:\/\/oln-law.com\/wp-content\/uploads\/sites\/25\/2023\/09\/Facebook.svg\" alt=\"Facebook\" class=\"wp-image-20211\" \/><\/a><\/figure>\n<\/div><\/div>\n<\/div>\n\n\n\n<div class=\"wp-block-column col-box is-layout-flow wp-block-column-is-layout-flow\">\n<iframe loading=\"lazy\" src=\"https:\/\/www.google.com\/maps\/embed?pb=!1m18!1m12!1m3!1d3412.540920238215!2d121.40166971055723!3d31.205739974252612!2m3!1f0!2f0!3f0!3m2!1i1024!2i768!4f13.1!3m3!1m2!1s0x35b265a4e3d96c83%3A0xbd907f7bb5962409!2sXian%20Xia%20Lu%2C%20Chang%20Ning%20Qu%2C%20China%2C%20200051!5e0!3m2!1sen!2snp!4v1695377560786!5m2!1sen!2snp\" width=\"600\" height=\"450\" style=\"border:0\" allowfullscreen=\"\"><\/iframe>\n<\/div>\n<\/div>\n<\/div><\/div>\n<\/div><\/div>\n\n\n\n<div class=\"wp-block-group contact-mail-container pb-80\"><div class=\"wp-block-group__inner-container is-layout-constrained wp-block-group-is-layout-constrained\"><div class=\"wp-block-image\">\n<figure class=\"aligncenter size-large\"><img loading=\"lazy\" decoding=\"async\" width=\"68\" height=\"52\" src=\"https:\/\/oln-law.com\/wp-content\/uploads\/sites\/25\/2023\/09\/contact-mail-icon.svg\" alt=\"contact-mail-icon\" class=\"wp-image-20227\" \/><\/figure>\n<\/div>\n\n\n<h4 class=\"wp-block-heading has-text-align-center has-text-color\" style=\"color:#00677f\">You need help with legal matters, Have a question or need more information? Just drop us a line!<\/h4>\n\n\n\n<p class=\"has-text-align-center\">Give us a call or drop by anytime, we endeavour to answer all enquiries within 24 hours on business days. We will be happy to answer your questions.<\/p>\n\n\n\n<div class=\"wpcf7 no-js\" id=\"wpcf7-f1294-o1\" lang=\"en-US\" dir=\"ltr\" data-wpcf7-id=\"1294\">\n<div class=\"screen-reader-response\"><p role=\"status\" aria-live=\"polite\" aria-atomic=\"true\"><\/p> <ul><\/ul><\/div>\n<form action=\"\/fr\/wp-json\/wp\/v2\/pages\/5540#wpcf7-f1294-o1\" method=\"post\" class=\"wpcf7-form init\" aria-label=\"Contact form\" novalidate=\"novalidate\" data-status=\"init\">\n<fieldset class=\"hidden-fields-container\"><input type=\"hidden\" name=\"_wpcf7\" value=\"1294\" \/><input type=\"hidden\" name=\"_wpcf7_version\" value=\"6.1.4\" \/><input type=\"hidden\" name=\"_wpcf7_locale\" value=\"en_US\" \/><input type=\"hidden\" name=\"_wpcf7_unit_tag\" value=\"wpcf7-f1294-o1\" \/><input type=\"hidden\" name=\"_wpcf7_container_post\" value=\"0\" \/><input type=\"hidden\" name=\"_wpcf7_posted_data_hash\" value=\"\" \/><input type=\"hidden\" name=\"_wpcf7_recaptcha_response\" value=\"\" \/>\n<\/fieldset>\n<div class=\"contact-us-form-container\">\n\t<div class=\"flex-box\">\n\t\t<p><label> First Name<br \/>\n<span class=\"wpcf7-form-control-wrap\" data-name=\"first-name\"><input size=\"40\" maxlength=\"400\" class=\"wpcf7-form-control wpcf7-text wpcf7-validates-as-required\" aria-required=\"true\" aria-invalid=\"false\" placeholder=\"First Name\" value=\"\" type=\"text\" name=\"first-name\" \/><\/span> <\/label>\n\t\t<\/p>\n\t\t<p><label> Last Name<br \/>\n<span class=\"wpcf7-form-control-wrap\" data-name=\"last-name\"><input size=\"40\" maxlength=\"400\" class=\"wpcf7-form-control wpcf7-text wpcf7-validates-as-required\" aria-required=\"true\" aria-invalid=\"false\" placeholder=\"Last Name\" value=\"\" type=\"text\" name=\"last-name\" \/><\/span> <\/label>\n\t\t<\/p>\n\t<\/div>\n\t<div class=\"flex-box\">\n\t\t<p><label> Email Address<br \/>\n<span class=\"wpcf7-form-control-wrap\" data-name=\"email\"><input size=\"40\" maxlength=\"400\" class=\"wpcf7-form-control wpcf7-email wpcf7-validates-as-required wpcf7-text wpcf7-validates-as-email\" aria-required=\"true\" aria-invalid=\"false\" placeholder=\"Email Address\" value=\"\" type=\"email\" name=\"email\" \/><\/span> <\/label>\n\t\t<\/p>\n\t\t<p><label> Phone Number<br \/>\n<span class=\"wpcf7-form-control-wrap phone\"><input class=\"wpcf7-form-control wpcf7-intl_tel wpcf7-validates-as-required wpcf7-intl-tel\" aria-required=\"true\" aria-invalid=\"false\" data-initialcountry=\"hk\" data-preferredcountries=\"hk-au-cn\" value=\"\" type=\"tel\" name=\"phone-cf7it-national\" \/><input name=\"phone\" type=\"hidden\" class=\"wpcf7-intl-tel-full\" \/><input type=\"hidden\" name=\"phone-cf7it-country-name\" class=\"wpcf7-intl-tel-country-name\" \/><input type=\"hidden\" name=\"phone-cf7it-country-code\" class=\"wpcf7-intl-tel-country-code\" \/><input type=\"hidden\" name=\"phone-cf7it-country-iso2\" class=\"wpcf7-intl-tel-country-iso2\" \/><\/span> <\/label>\n\t\t<\/p>\n\t<\/div>\n\t<div class=\"mg-fix\">\n\t\t<p><label> Message<br \/>\n<span class=\"wpcf7-form-control-wrap\" data-name=\"your-message\"><textarea cols=\"40\" rows=\"10\" maxlength=\"2000\" class=\"wpcf7-form-control wpcf7-textarea\" aria-invalid=\"false\" placeholder=\"Message\" name=\"your-message\"><\/textarea><\/span> <\/label>\n\t\t<\/p>\n\t<\/div>\n\t<div class=\"mb-0\">\n\t\t<p><span id=\"wpcf7-69fc66384208a-wrapper\" class=\"wpcf7-form-control-wrap honeypot-34-wrap\" style=\"display:none !important; visibility:hidden !important;\"><label for=\"h-oln-contact\" class=\"hp-message\">Please leave this field empty.<\/label><input id=\"h-oln-contact\"  class=\"wpcf7-form-control wpcf7-text h-oln-contact\" type=\"text\" name=\"honeypot-34\" value=\"\" size=\"40\" tabindex=\"-1\" autocomplete=\"new-password\" \/><\/span>\n\t\t<\/p>\n\t<\/div>\n\t<div class=\"mb-35\">\n\t\t<p><span class=\"text-left\" style=\"margin:0;margin-bottom:35px\"><span class=\"wpcf7-form-control-wrap\" data-name=\"checkbox-418\"><span class=\"wpcf7-form-control wpcf7-checkbox\"><span class=\"wpcf7-list-item first last\"><label><input type=\"checkbox\" name=\"checkbox-418[]\" value=\"I agree to receive future marketing communications from Oldham, Li &amp; Nie Solicitors\" \/><span class=\"wpcf7-list-item-label\">I agree to receive future marketing communications from Oldham, Li &amp; Nie Solicitors<\/span><\/label><\/span><\/span><\/span><\/span>\n\t\t<\/p>\n\t<\/div>\n\t<div class=\"submit-btn-container mb-0\">\n\t\t<p><input class=\"wpcf7-form-control wpcf7-submit has-spinner\" type=\"submit\" value=\"Submit\" \/>\n\t\t<\/p>\n\t<\/div>\n<\/div><input type='hidden' class='wpcf7-pum' value='{\"closepopup\":false,\"closedelay\":0,\"openpopup\":false,\"openpopup_id\":0}' \/><div class=\"wpcf7-response-output\" aria-hidden=\"true\"><\/div>\n<\/form>\n<\/div>\n\n<\/div><\/div>\n","protected":false},"excerpt":{"rendered":"<p>Our Hong Kong and Shanghai Offices Hong Kong a un \u00c9tat de droit internationalement reconnu, des contr\u00f4les financiers et r\u00e9glementaires solides et est l\u2019une des \u00e9conomies les plus libres du monde. Elle est le pont culturel, \u00e9conomique et juridique pour les entit\u00e9s qui font des affaires avec ou en Chine continentale. Avec des avocats exp\u00e9riment\u00e9s &#8230;<\/p>\n","protected":false},"author":18,"featured_media":22195,"parent":0,"menu_order":0,"comment_status":"closed","ping_status":"closed","template":"page-templates\/our-office-template.php","meta":{"_acf_changed":false,"inline_featured_image":false,"_genesis_hide_title":false,"_genesis_hide_breadcrumbs":false,"_genesis_hide_singular_image":false,"_genesis_hide_footer_widgets":false,"_genesis_custom_body_class":"our-offices","_genesis_custom_post_class":"","_genesis_layout":"","footnotes":""},"other_category":[],"class_list":{"0":"post-5540","1":"page","2":"type-page","3":"status-publish","4":"has-post-thumbnail","6":"entry"},"acf":[],"yoast_head":"<!-- This site is optimized with the Yoast SEO plugin v26.7 - https:\/\/yoast.com\/wordpress\/plugins\/seo\/ -->\n<title>Our Offices | OLN<\/title>\n<meta name=\"robots\" content=\"index, follow, max-snippet:-1, max-image-preview:large, max-video-preview:-1\" \/>\n<link rel=\"canonical\" href=\"https:\/\/oln-law.com\/fr\/our-offices\/\" \/>\n<meta property=\"og:locale\" content=\"fr_FR\" \/>\n<meta property=\"og:type\" content=\"article\" \/>\n<meta property=\"og:title\" content=\"Our Offices | OLN\" \/>\n<meta property=\"og:description\" content=\"Our Hong Kong and Shanghai Offices Hong Kong a un \u00c9tat de droit internationalement reconnu, des contr\u00f4les financiers et r\u00e9glementaires solides et est l\u2019une des \u00e9conomies les plus libres du monde. Elle est le pont culturel, \u00e9conomique et juridique pour les entit\u00e9s qui font des affaires avec ou en Chine continentale. Avec des avocats exp\u00e9riment\u00e9s ...\" \/>\n<meta property=\"og:url\" content=\"https:\/\/oln-law.com\/fr\/our-offices\/\" \/>\n<meta property=\"og:site_name\" content=\"OLN\" \/>\n<meta property=\"article:modified_time\" content=\"2024-02-09T09:08:56+00:00\" \/>\n<meta property=\"og:image\" content=\"https:\/\/oln-law.com\/wp-content\/uploads\/sites\/25\/2023\/12\/Hong-Kong-GASP-Photography-27-scaled-e1703221269683.jpg\" \/>\n\t<meta property=\"og:image:width\" content=\"2560\" \/>\n\t<meta property=\"og:image:height\" content=\"1707\" \/>\n\t<meta property=\"og:image:type\" content=\"image\/jpeg\" \/>\n<meta name=\"twitter:card\" content=\"summary_large_image\" \/>\n<meta name=\"twitter:label1\" content=\"Dur\u00e9e de lecture estim\u00e9e\" \/>\n\t<meta name=\"twitter:data1\" content=\"3 minutes\" \/>\n<script type=\"application\/ld+json\" class=\"yoast-schema-graph\">{\"@context\":\"https:\/\/schema.org\",\"@graph\":[{\"@type\":\"WebPage\",\"@id\":\"https:\/\/oln-law.com\/fr\/our-offices\/\",\"url\":\"https:\/\/oln-law.com\/fr\/our-offices\/\",\"name\":\"Our Offices | OLN\",\"isPartOf\":{\"@id\":\"https:\/\/oln-law.com\/fr\/#website\"},\"primaryImageOfPage\":{\"@id\":\"https:\/\/oln-law.com\/fr\/our-offices\/#primaryimage\"},\"image\":{\"@id\":\"https:\/\/oln-law.com\/fr\/our-offices\/#primaryimage\"},\"thumbnailUrl\":\"https:\/\/oln-law.com\/wp-content\/uploads\/sites\/25\/2023\/12\/Hong-Kong-GASP-Photography-27-scaled.jpg\",\"datePublished\":\"2021-07-12T07:41:10+00:00\",\"dateModified\":\"2024-02-09T09:08:56+00:00\",\"breadcrumb\":{\"@id\":\"https:\/\/oln-law.com\/fr\/our-offices\/#breadcrumb\"},\"inLanguage\":\"fr-FR\",\"potentialAction\":[{\"@type\":\"ReadAction\",\"target\":[\"https:\/\/oln-law.com\/fr\/our-offices\/\"]}]},{\"@type\":\"ImageObject\",\"inLanguage\":\"fr-FR\",\"@id\":\"https:\/\/oln-law.com\/fr\/our-offices\/#primaryimage\",\"url\":\"https:\/\/oln-law.com\/wp-content\/uploads\/sites\/25\/2023\/12\/Hong-Kong-GASP-Photography-27-scaled.jpg\",\"contentUrl\":\"https:\/\/oln-law.com\/wp-content\/uploads\/sites\/25\/2023\/12\/Hong-Kong-GASP-Photography-27-scaled.jpg\",\"width\":2560,\"height\":1707,\"caption\":\"OLN Hong Kong and Shanghai Offices\"},{\"@type\":\"BreadcrumbList\",\"@id\":\"https:\/\/oln-law.com\/fr\/our-offices\/#breadcrumb\",\"itemListElement\":[{\"@type\":\"ListItem\",\"position\":1,\"name\":\"\",\"item\":\"https:\/\/oln-law.com\/fr\/\"},{\"@type\":\"ListItem\",\"position\":2,\"name\":\"Our Offices\"}]},{\"@type\":\"WebSite\",\"@id\":\"https:\/\/oln-law.com\/fr\/#website\",\"url\":\"https:\/\/oln-law.com\/fr\/\",\"name\":\"OLN\",\"description\":\"\",\"publisher\":{\"@id\":\"https:\/\/oln-law.com\/fr\/#organization\"},\"potentialAction\":[{\"@type\":\"SearchAction\",\"target\":{\"@type\":\"EntryPoint\",\"urlTemplate\":\"https:\/\/oln-law.com\/fr\/?s={search_term_string}\"},\"query-input\":{\"@type\":\"PropertyValueSpecification\",\"valueRequired\":true,\"valueName\":\"search_term_string\"}}],\"inLanguage\":\"fr-FR\"},{\"@type\":\"Organization\",\"@id\":\"https:\/\/oln-law.com\/fr\/#organization\",\"name\":\"OLN\",\"url\":\"https:\/\/oln-law.com\/fr\/\",\"logo\":{\"@type\":\"ImageObject\",\"inLanguage\":\"fr-FR\",\"@id\":\"https:\/\/oln-law.com\/fr\/#\/schema\/logo\/image\/\",\"url\":\"https:\/\/oln-law.com\/wp-content\/uploads\/sites\/25\/2023\/12\/OLN-Blue.svg\",\"contentUrl\":\"https:\/\/oln-law.com\/wp-content\/uploads\/sites\/25\/2023\/12\/OLN-Blue.svg\",\"width\":2562,\"height\":925,\"caption\":\"OLN\"},\"image\":{\"@id\":\"https:\/\/oln-law.com\/fr\/#\/schema\/logo\/image\/\"}}]}<\/script>\n<!-- \/ Yoast SEO plugin. -->","yoast_head_json":{"title":"Our Offices | OLN","robots":{"index":"index","follow":"follow","max-snippet":"max-snippet:-1","max-image-preview":"max-image-preview:large","max-video-preview":"max-video-preview:-1"},"canonical":"https:\/\/oln-law.com\/fr\/our-offices\/","og_locale":"fr_FR","og_type":"article","og_title":"Our Offices | OLN","og_description":"Our Hong Kong and Shanghai Offices Hong Kong a un \u00c9tat de droit internationalement reconnu, des contr\u00f4les financiers et r\u00e9glementaires solides et est l\u2019une des \u00e9conomies les plus libres du monde. Elle est le pont culturel, \u00e9conomique et juridique pour les entit\u00e9s qui font des affaires avec ou en Chine continentale. Avec des avocats exp\u00e9riment\u00e9s ...","og_url":"https:\/\/oln-law.com\/fr\/our-offices\/","og_site_name":"OLN","article_modified_time":"2024-02-09T09:08:56+00:00","og_image":[{"width":2560,"height":1707,"url":"https:\/\/oln-law.com\/wp-content\/uploads\/sites\/25\/2023\/12\/Hong-Kong-GASP-Photography-27-scaled-e1703221269683.jpg","type":"image\/jpeg"}],"twitter_card":"summary_large_image","twitter_misc":{"Dur\u00e9e de lecture estim\u00e9e":"3 minutes"},"schema":{"@context":"https:\/\/schema.org","@graph":[{"@type":"WebPage","@id":"https:\/\/oln-law.com\/fr\/our-offices\/","url":"https:\/\/oln-law.com\/fr\/our-offices\/","name":"Our Offices | OLN","isPartOf":{"@id":"https:\/\/oln-law.com\/fr\/#website"},"primaryImageOfPage":{"@id":"https:\/\/oln-law.com\/fr\/our-offices\/#primaryimage"},"image":{"@id":"https:\/\/oln-law.com\/fr\/our-offices\/#primaryimage"},"thumbnailUrl":"https:\/\/oln-law.com\/wp-content\/uploads\/sites\/25\/2023\/12\/Hong-Kong-GASP-Photography-27-scaled.jpg","datePublished":"2021-07-12T07:41:10+00:00","dateModified":"2024-02-09T09:08:56+00:00","breadcrumb":{"@id":"https:\/\/oln-law.com\/fr\/our-offices\/#breadcrumb"},"inLanguage":"fr-FR","potentialAction":[{"@type":"ReadAction","target":["https:\/\/oln-law.com\/fr\/our-offices\/"]}]},{"@type":"ImageObject","inLanguage":"fr-FR","@id":"https:\/\/oln-law.com\/fr\/our-offices\/#primaryimage","url":"https:\/\/oln-law.com\/wp-content\/uploads\/sites\/25\/2023\/12\/Hong-Kong-GASP-Photography-27-scaled.jpg","contentUrl":"https:\/\/oln-law.com\/wp-content\/uploads\/sites\/25\/2023\/12\/Hong-Kong-GASP-Photography-27-scaled.jpg","width":2560,"height":1707,"caption":"OLN Hong Kong and Shanghai Offices"},{"@type":"BreadcrumbList","@id":"https:\/\/oln-law.com\/fr\/our-offices\/#breadcrumb","itemListElement":[{"@type":"ListItem","position":1,"name":"","item":"https:\/\/oln-law.com\/fr\/"},{"@type":"ListItem","position":2,"name":"Our Offices"}]},{"@type":"WebSite","@id":"https:\/\/oln-law.com\/fr\/#website","url":"https:\/\/oln-law.com\/fr\/","name":"OLN","description":"","publisher":{"@id":"https:\/\/oln-law.com\/fr\/#organization"},"potentialAction":[{"@type":"SearchAction","target":{"@type":"EntryPoint","urlTemplate":"https:\/\/oln-law.com\/fr\/?s={search_term_string}"},"query-input":{"@type":"PropertyValueSpecification","valueRequired":true,"valueName":"search_term_string"}}],"inLanguage":"fr-FR"},{"@type":"Organization","@id":"https:\/\/oln-law.com\/fr\/#organization","name":"OLN","url":"https:\/\/oln-law.com\/fr\/","logo":{"@type":"ImageObject","inLanguage":"fr-FR","@id":"https:\/\/oln-law.com\/fr\/#\/schema\/logo\/image\/","url":"https:\/\/oln-law.com\/wp-content\/uploads\/sites\/25\/2023\/12\/OLN-Blue.svg","contentUrl":"https:\/\/oln-law.com\/wp-content\/uploads\/sites\/25\/2023\/12\/OLN-Blue.svg","width":2562,"height":925,"caption":"OLN"},"image":{"@id":"https:\/\/oln-law.com\/fr\/#\/schema\/logo\/image\/"}}]}},"featured_image_src":"https:\/\/oln-law.com\/wp-content\/uploads\/sites\/25\/2023\/12\/Hong-Kong-GASP-Photography-27-600x400.jpg","featured_image_src_square":"https:\/\/oln-law.com\/wp-content\/uploads\/sites\/25\/2023\/12\/Hong-Kong-GASP-Photography-27-600x600.jpg","_links":{"self":[{"href":"https:\/\/oln-law.com\/fr\/wp-json\/wp\/v2\/pages\/5540","targetHints":{"allow":["GET"]}}],"collection":[{"href":"https:\/\/oln-law.com\/fr\/wp-json\/wp\/v2\/pages"}],"about":[{"href":"https:\/\/oln-law.com\/fr\/wp-json\/wp\/v2\/types\/page"}],"author":[{"embeddable":true,"href":"https:\/\/oln-law.com\/fr\/wp-json\/wp\/v2\/users\/18"}],"replies":[{"embeddable":true,"href":"https:\/\/oln-law.com\/fr\/wp-json\/wp\/v2\/comments?post=5540"}],"version-history":[{"count":0,"href":"https:\/\/oln-law.com\/fr\/wp-json\/wp\/v2\/pages\/5540\/revisions"}],"wp:featuredmedia":[{"embeddable":true,"href":"https:\/\/oln-law.com\/fr\/wp-json\/wp\/v2\/media\/22195"}],"wp:attachment":[{"href":"https:\/\/oln-law.com\/fr\/wp-json\/wp\/v2\/media?parent=5540"}],"wp:term":[{"taxonomy":"other_category","embeddable":true,"href":"https:\/\/oln-law.com\/fr\/wp-json\/wp\/v2\/other_category?post=5540"}],"curies":[{"name":"wp","href":"https:\/\/api.w.org\/{rel}","templated":true}]}}